{"id":63,"date":"2025-11-17T15:21:50","date_gmt":"2025-11-17T08:21:50","guid":{"rendered":"https:\/\/hoaiphong.top\/?post_type=product&#038;p=63"},"modified":"2025-11-17T20:15:07","modified_gmt":"2025-11-17T13:15:07","slug":"ao-khoac-jean-phoi-non-the-original-039-xanh-duong","status":"publish","type":"product","link":"https:\/\/hoaiphong.top\/?product=ao-khoac-jean-phoi-non-the-original-039-xanh-duong","title":{"rendered":"\u00c1o Kho\u00e1c Jean Ph\u1ed1i N\u00f3n The Original 039 Xanh D\u01b0\u01a1ng"},"content":{"rendered":"<div class=\"col-12\">\n<div class=\"col-12\">\n<p><span data-sheets-root=\"1\">1. Ki\u1ec3u s\u1ea3n ph\u1ea9m: \u00c1o kho\u00e1c Jean<br \/>\n2. \u01afu \u0111i\u1ec3m:<br \/>\n&#8211; Thi\u1ebft k\u1ebf 2 trong 1 ti\u1ec7n l\u1ee3i: K\u1ebft h\u1ee3p \u00e1o kho\u00e1c denim c\u00e1 t\u00ednh v\u00e0 m\u0169 hoodie li\u1ec1n th\u00e2n, t\u1ea1o hi\u1ec7u \u1ee9ng layering s\u00e0nh \u0111i\u1ec7u.<br \/>\n&#8211; D\u00e1ng oversize r\u1ed9ng r\u00e3i: D\u00e1ng oversize r\u1ed9ng r\u00e3i, tho\u1ea3i m\u00e1i kh\u00f4ng g\u00f2 b\u00f3 khi m\u1eb7c, che khuy\u1ebft \u0111i\u1ec3m t\u1ed1t.<br \/>\n&#8211; Wash Enzyme m\u1ec1m m\u1ea1i: K\u1ef9 thu\u1eadt Wash Enzyme gi\u00fap ch\u1ea5t li\u1ec7u denim th\u00f4 c\u1ee9ng tr\u1edf n\u00ean m\u1ec1m m\u1ea1i, d\u1ec5 ch\u1ecbu h\u01a1n.<br \/>\n3. Ch\u1ea5t li\u1ec7u: Jean 100% Cotton<br \/>\n4. K\u1ef9 thu\u1eadt: \u0110i\u1ec3m \u0111\u1eb7c bi\u1ec7t c\u1ee7a chi\u1ebfc \u00e1o n\u00e0y l\u00e0 vi\u1ec7c \u1ee9ng d\u1ee5ng k\u1ef9 thu\u1eadt Wash Enzyme gi\u00fap ch\u1ea5t li\u1ec7u denim th\u00f4 c\u1ee9ng truy\u1ec1n th\u1ed1ng tr\u1edf n\u00ean m\u1ec1m m\u1ea1i, \u0111\u1ed3ng th\u1eddi k\u1ef9 thu\u1eadt n\u00e0y c\u00f2n t\u1ea1o ra hi\u1ec7u \u1ee9ng b\u1ea1c m\u00e0u t\u1ef1 nhi\u00ean, gi\u00fap \u00e1o mang v\u1ebb \u0111\u1eb9p v\u1eeba c\u1ed5 \u0111i\u1ec3n, v\u1eeba hi\u1ec7n \u0111\u1ea1i v\u00e0 \u0111\u1ed9c \u0111\u00e1o.<br \/>\n5. Ph\u00f9 h\u1ee3p v\u1edbi ai: Nh\u1eefng b\u1ea1n tr\u1ebb y\u00eau th\u00edch s\u1ef1 tho\u1ea3i m\u00e1i, ph\u00f3ng kho\u00e1ng, n\u0103ng \u0111\u1ed9ng v\u00e0 mu\u1ed1n th\u1ec3 hi\u1ec7n phong c\u00e1ch c\u00e1 nh\u00e2n &#8220;ch\u1ea5t&#8221; ri\u00eang.<br \/>\n6. Thu\u1ed9c B\u1ed9 S\u01b0u T\u1eadp: The Original , jean c\u1ed5 \u0111i\u1ec3n b\u1ec1n v\u1eefng theo th\u1eddi gian<br \/>\n7. T\u00ecm ki\u1ebfm s\u1ea3n ph\u1ea9m: \u00c1o kho\u00e1c jean, \u00c1o kho\u00e1c jean hai l\u1edbp, \u00c1o kho\u00e1c jean c\u00f3 n\u00f3n, \u00c1o kho\u00e1c denim, \u00c1o kho\u00e1c jean ph\u1ed1i hoodie, \u00c1o kho\u00e1c jean b\u1ea1c m\u00e0u, \u00c1o kho\u00e1c jean form r\u1ed9ng.<\/span><\/p>\n<\/div>\n<\/div>\n<p>Xu\u1ea5t x\u1ee9: Vi\u1ec7t Nam<\/p>\n","protected":false},"excerpt":{"rendered":"<p>\u00c1o kho\u00e1c jean 2 in 1 d\u00e1ng r\u1ed9ng, m\u1ec1m m\u1ea1i, n\u00f3n hoodie.<\/p>\n","protected":false},"featured_media":64,"comment_status":"open","ping_status":"closed","template":"","meta":[],"product_brand":[],"product_cat":[16,25,19,20],"product_tag":[],"class_list":{"0":"post-63","1":"product","2":"type-product","3":"status-publish","4":"has-post-thumbnail","6":"product_cat-ao","7":"product_cat-ao-khoac","8":"product_cat-sale","9":"product_cat-sale-ao-thun-ao-khoac-ao-so-mi","11":"first","12":"instock","13":"sale","14":"virtual","15":"purchasable","16":"product-type-simple"},"yoast_head":"<!-- This site is optimized with the Yoast SEO plugin v27.1.1 - https:\/\/yoast.com\/product\/yoast-seo-wordpress\/ -->\n<title>\u00c1o Kho\u00e1c Jean Ph\u1ed1i N\u00f3n The Original 039 Xanh D\u01b0\u01a1ng<\/title>\n<meta name=\"robots\" content=\"index, follow, max-snippet:-1, max-image-preview:large, max-video-preview:-1\" \/>\n<link rel=\"canonical\" href=\"https:\/\/hoaiphong.top\/?product=ao-khoac-jean-phoi-non-the-original-039-xanh-duong\" \/>\n<meta property=\"og:locale\" content=\"vi_VN\" \/>\n<meta property=\"og:type\" content=\"article\" \/>\n<meta property=\"og:title\" content=\"\u00c1o Kho\u00e1c Jean Ph\u1ed1i N\u00f3n The Original 039 Xanh D\u01b0\u01a1ng\" \/>\n<meta property=\"og:description\" content=\"\u00c1o kho\u00e1c jean 2 in 1 d\u00e1ng r\u1ed9ng, m\u1ec1m m\u1ea1i, n\u00f3n hoodie.\" \/>\n<meta property=\"og:url\" content=\"https:\/\/hoaiphong.top\/?product=ao-khoac-jean-phoi-non-the-original-039-xanh-duong\" \/>\n<meta property=\"og:site_name\" content=\"HoaiPhong Store\" \/>\n<meta property=\"article:modified_time\" content=\"2025-11-17T13:15:07+00:00\" \/>\n<meta property=\"og:image\" content=\"https:\/\/hoaiphong.top\/wp-content\/uploads\/2025\/11\/ao-khoac-jean-the-original-m039-xanh-d-ng-1184461421.webp\" \/>\n\t<meta property=\"og:image:width\" content=\"720\" \/>\n\t<meta property=\"og:image:height\" content=\"1008\" \/>\n\t<meta property=\"og:image:type\" content=\"image\/webp\" \/>\n<meta name=\"twitter:card\" content=\"summary_large_image\" \/>\n<meta name=\"twitter:label1\" content=\"\u01af\u1edbc t\u00ednh th\u1eddi gian \u0111\u1ecdc\" \/>\n\t<meta name=\"twitter:data1\" content=\"2 ph\u00fat\" \/>\n<script type=\"application\/ld+json\" class=\"yoast-schema-graph\">{\"@context\":\"https:\/\/schema.org\",\"@graph\":[{\"@type\":\"WebPage\",\"@id\":\"https:\/\/hoaiphong.top\/?product=ao-khoac-jean-phoi-non-the-original-039-xanh-duong\",\"url\":\"https:\/\/hoaiphong.top\/?product=ao-khoac-jean-phoi-non-the-original-039-xanh-duong\",\"name\":\"\u00c1o Kho\u00e1c Jean Ph\u1ed1i N\u00f3n The Original 039 Xanh D\u01b0\u01a1ng\",\"isPartOf\":{\"@id\":\"https:\/\/hoaiphong.top\/#website\"},\"primaryImageOfPage\":{\"@id\":\"https:\/\/hoaiphong.top\/?product=ao-khoac-jean-phoi-non-the-original-039-xanh-duong#primaryimage\"},\"image\":{\"@id\":\"https:\/\/hoaiphong.top\/?product=ao-khoac-jean-phoi-non-the-original-039-xanh-duong#primaryimage\"},\"thumbnailUrl\":\"https:\/\/hoaiphong.top\/wp-content\/uploads\/2025\/11\/ao-khoac-jean-the-original-m039-xanh-d-ng-1184461421.webp\",\"datePublished\":\"2025-11-17T08:21:50+00:00\",\"dateModified\":\"2025-11-17T13:15:07+00:00\",\"breadcrumb\":{\"@id\":\"https:\/\/hoaiphong.top\/?product=ao-khoac-jean-phoi-non-the-original-039-xanh-duong#breadcrumb\"},\"inLanguage\":\"vi\",\"potentialAction\":[{\"@type\":\"ReadAction\",\"target\":[\"https:\/\/hoaiphong.top\/?product=ao-khoac-jean-phoi-non-the-original-039-xanh-duong\"]}]},{\"@type\":\"ImageObject\",\"inLanguage\":\"vi\",\"@id\":\"https:\/\/hoaiphong.top\/?product=ao-khoac-jean-phoi-non-the-original-039-xanh-duong#primaryimage\",\"url\":\"https:\/\/hoaiphong.top\/wp-content\/uploads\/2025\/11\/ao-khoac-jean-the-original-m039-xanh-d-ng-1184461421.webp\",\"contentUrl\":\"https:\/\/hoaiphong.top\/wp-content\/uploads\/2025\/11\/ao-khoac-jean-the-original-m039-xanh-d-ng-1184461421.webp\",\"width\":720,\"height\":1008},{\"@type\":\"BreadcrumbList\",\"@id\":\"https:\/\/hoaiphong.top\/?product=ao-khoac-jean-phoi-non-the-original-039-xanh-duong#breadcrumb\",\"itemListElement\":[{\"@type\":\"ListItem\",\"position\":1,\"name\":\"Trang ch\u1ee7\",\"item\":\"https:\/\/hoaiphong.top\/\"},{\"@type\":\"ListItem\",\"position\":2,\"name\":\"C\u1eeda h\u00e0ng\",\"item\":\"https:\/\/hoaiphong.top\/?page_id=8\"},{\"@type\":\"ListItem\",\"position\":3,\"name\":\"\u00c1o Kho\u00e1c Jean Ph\u1ed1i N\u00f3n The Original 039 Xanh D\u01b0\u01a1ng\"}]},{\"@type\":\"WebSite\",\"@id\":\"https:\/\/hoaiphong.top\/#website\",\"url\":\"https:\/\/hoaiphong.top\/\",\"name\":\"HoaiPhong Store\",\"description\":\"Qu\u1ea7n \u00c1o D\u00e0nh Cho B\u1ea1n \",\"potentialAction\":[{\"@type\":\"SearchAction\",\"target\":{\"@type\":\"EntryPoint\",\"urlTemplate\":\"https:\/\/hoaiphong.top\/?s={search_term_string}\"},\"query-input\":{\"@type\":\"PropertyValueSpecification\",\"valueRequired\":true,\"valueName\":\"search_term_string\"}}],\"inLanguage\":\"vi\"}]}<\/script>\n<!-- \/ Yoast SEO plugin. -->","yoast_head_json":{"title":"\u00c1o Kho\u00e1c Jean Ph\u1ed1i N\u00f3n The Original 039 Xanh D\u01b0\u01a1ng","robots":{"index":"index","follow":"follow","max-snippet":"max-snippet:-1","max-image-preview":"max-image-preview:large","max-video-preview":"max-video-preview:-1"},"canonical":"https:\/\/hoaiphong.top\/?product=ao-khoac-jean-phoi-non-the-original-039-xanh-duong","og_locale":"vi_VN","og_type":"article","og_title":"\u00c1o Kho\u00e1c Jean Ph\u1ed1i N\u00f3n The Original 039 Xanh D\u01b0\u01a1ng","og_description":"\u00c1o kho\u00e1c jean 2 in 1 d\u00e1ng r\u1ed9ng, m\u1ec1m m\u1ea1i, n\u00f3n hoodie.","og_url":"https:\/\/hoaiphong.top\/?product=ao-khoac-jean-phoi-non-the-original-039-xanh-duong","og_site_name":"HoaiPhong Store","article_modified_time":"2025-11-17T13:15:07+00:00","og_image":[{"width":720,"height":1008,"url":"https:\/\/hoaiphong.top\/wp-content\/uploads\/2025\/11\/ao-khoac-jean-the-original-m039-xanh-d-ng-1184461421.webp","type":"image\/webp"}],"twitter_card":"summary_large_image","twitter_misc":{"\u01af\u1edbc t\u00ednh th\u1eddi gian \u0111\u1ecdc":"2 ph\u00fat"},"schema":{"@context":"https:\/\/schema.org","@graph":[{"@type":"WebPage","@id":"https:\/\/hoaiphong.top\/?product=ao-khoac-jean-phoi-non-the-original-039-xanh-duong","url":"https:\/\/hoaiphong.top\/?product=ao-khoac-jean-phoi-non-the-original-039-xanh-duong","name":"\u00c1o Kho\u00e1c Jean Ph\u1ed1i N\u00f3n The Original 039 Xanh D\u01b0\u01a1ng","isPartOf":{"@id":"https:\/\/hoaiphong.top\/#website"},"primaryImageOfPage":{"@id":"https:\/\/hoaiphong.top\/?product=ao-khoac-jean-phoi-non-the-original-039-xanh-duong#primaryimage"},"image":{"@id":"https:\/\/hoaiphong.top\/?product=ao-khoac-jean-phoi-non-the-original-039-xanh-duong#primaryimage"},"thumbnailUrl":"https:\/\/hoaiphong.top\/wp-content\/uploads\/2025\/11\/ao-khoac-jean-the-original-m039-xanh-d-ng-1184461421.webp","datePublished":"2025-11-17T08:21:50+00:00","dateModified":"2025-11-17T13:15:07+00:00","breadcrumb":{"@id":"https:\/\/hoaiphong.top\/?product=ao-khoac-jean-phoi-non-the-original-039-xanh-duong#breadcrumb"},"inLanguage":"vi","potentialAction":[{"@type":"ReadAction","target":["https:\/\/hoaiphong.top\/?product=ao-khoac-jean-phoi-non-the-original-039-xanh-duong"]}]},{"@type":"ImageObject","inLanguage":"vi","@id":"https:\/\/hoaiphong.top\/?product=ao-khoac-jean-phoi-non-the-original-039-xanh-duong#primaryimage","url":"https:\/\/hoaiphong.top\/wp-content\/uploads\/2025\/11\/ao-khoac-jean-the-original-m039-xanh-d-ng-1184461421.webp","contentUrl":"https:\/\/hoaiphong.top\/wp-content\/uploads\/2025\/11\/ao-khoac-jean-the-original-m039-xanh-d-ng-1184461421.webp","width":720,"height":1008},{"@type":"BreadcrumbList","@id":"https:\/\/hoaiphong.top\/?product=ao-khoac-jean-phoi-non-the-original-039-xanh-duong#breadcrumb","itemListElement":[{"@type":"ListItem","position":1,"name":"Trang ch\u1ee7","item":"https:\/\/hoaiphong.top\/"},{"@type":"ListItem","position":2,"name":"C\u1eeda h\u00e0ng","item":"https:\/\/hoaiphong.top\/?page_id=8"},{"@type":"ListItem","position":3,"name":"\u00c1o Kho\u00e1c Jean Ph\u1ed1i N\u00f3n The Original 039 Xanh D\u01b0\u01a1ng"}]},{"@type":"WebSite","@id":"https:\/\/hoaiphong.top\/#website","url":"https:\/\/hoaiphong.top\/","name":"HoaiPhong Store","description":"Qu\u1ea7n \u00c1o D\u00e0nh Cho B\u1ea1n ","potentialAction":[{"@type":"SearchAction","target":{"@type":"EntryPoint","urlTemplate":"https:\/\/hoaiphong.top\/?s={search_term_string}"},"query-input":{"@type":"PropertyValueSpecification","valueRequired":true,"valueName":"search_term_string"}}],"inLanguage":"vi"}]}},"_links":{"self":[{"href":"https:\/\/hoaiphong.top\/index.php?rest_route=\/wp\/v2\/product\/63","targetHints":{"allow":["GET"]}}],"collection":[{"href":"https:\/\/hoaiphong.top\/index.php?rest_route=\/wp\/v2\/product"}],"about":[{"href":"https:\/\/hoaiphong.top\/index.php?rest_route=\/wp\/v2\/types\/product"}],"replies":[{"embeddable":true,"href":"https:\/\/hoaiphong.top\/index.php?rest_route=%2Fwp%2Fv2%2Fcomments&post=63"}],"wp:featuredmedia":[{"embeddable":true,"href":"https:\/\/hoaiphong.top\/index.php?rest_route=\/wp\/v2\/media\/64"}],"wp:attachment":[{"href":"https:\/\/hoaiphong.top\/index.php?rest_route=%2Fwp%2Fv2%2Fmedia&parent=63"}],"wp:term":[{"taxonomy":"product_brand","embeddable":true,"href":"https:\/\/hoaiphong.top\/index.php?rest_route=%2Fwp%2Fv2%2Fproduct_brand&post=63"},{"taxonomy":"product_cat","embeddable":true,"href":"https:\/\/hoaiphong.top\/index.php?rest_route=%2Fwp%2Fv2%2Fproduct_cat&post=63"},{"taxonomy":"product_tag","embeddable":true,"href":"https:\/\/hoaiphong.top\/index.php?rest_route=%2Fwp%2Fv2%2Fproduct_tag&post=63"}],"curies":[{"name":"wp","href":"https:\/\/api.w.org\/{rel}","templated":true}]}}