{"id":131,"date":"2025-11-19T12:59:56","date_gmt":"2025-11-19T05:59:56","guid":{"rendered":"https:\/\/hoaiphong.top\/?post_type=product&#038;p=131"},"modified":"2025-11-19T12:59:57","modified_gmt":"2025-11-19T05:59:57","slug":"quan-tay-casual-mem-mai-non-iron-001-xam-nhat","status":"publish","type":"product","link":"https:\/\/hoaiphong.top\/?product=quan-tay-casual-mem-mai-non-iron-001-xam-nhat","title":{"rendered":"Qu\u1ea7n T\u00e2y Casual M\u1ec1m M\u1ea1i Non Iron 001 X\u00e1m Nh\u1ea1t"},"content":{"rendered":"<div class=\"col-12\">\n<div class=\"col-12\">\n<div class=\"col-12\">\n<div class=\"col-12\">\n<div class=\"col-12\">\n<div class=\"col-12\">\n<div class=\"col-12\">\n<div class=\"col-12\">\n<div class=\"col-12\">\n<div class=\"col-12\">\n<div class=\"col-12\">\n<div class=\"col-12\">\n<div class=\"col-12\">\n<div class=\"col-12\">\n<div class=\"col-12\">\n<div class=\"col-12\">\n<div class=\"col-12\">\n<div class=\"col-12\">\n<div class=\"col-12\">\n<div class=\"col-12\">\n<div class=\"col-12\">\n<div class=\"col-12\">\n<div class=\"col-12\">\n<div class=\"col-12\">\n<div class=\"col-12\">\n<div class=\"col-12\">\n<p><span data-sheets-root=\"1\">1. Ki\u1ec3u s\u1ea3n ph\u1ea9m: Qu\u1ea7n T\u00e2y Casual<br \/>\n2. \u01afu \u0111i\u1ec3m:<br \/>\n-Phong c\u00e1ch \u0111a n\u0103ng: K\u1ebft h\u1ee3p h\u00e0i h\u00f2a gi\u1eefa phong c\u00e1ch c\u00f4ng s\u1edf v\u00e0 th\u1eddi trang \u0111\u01b0\u1eddng ph\u1ed1, ph\u00f9 h\u1ee3p v\u1edbi nhi\u1ec1u ho\u00e0n c\u1ea3nh.<br \/>\n-Ch\u1ea5t li\u1ec7u cao c\u1ea5p: V\u1ea3i Twill m\u1ec1m m\u1ea1i, tho\u00e1ng m\u00e1t, c\u00f3 \u0111\u1ed9 b\u1ec1n cao v\u00e0 \u00edt nh\u0103n, gi\u00fap b\u1ea1n t\u1ef1 tin.<br \/>\n-Thi\u1ebft k\u1ebf tho\u1ea3i m\u00e1i: L\u01b0ng thun t\u0103ng c\u01b0\u1eddng \u0111\u1ed9 co gi\u00e3n, gi\u00fap b\u1ea1n tho\u1ea3i m\u00e1i v\u1eadn \u0111\u1ed9ng, \u1ed1ng \u0111\u1ee9ng t\u00f4n d\u00e1ng.<br \/>\n3. Ch\u1ea5t li\u1ec7u: V\u1ea3i Twill, 70% Polyester, 27% Rayon, 3% Spandex.<br \/>\n4. K\u1ef9 thu\u1eadt: Th\u00eau 2D th\u00e2n tr\u01b0\u1edbc logo nh\u00e3n hi\u1ec7u. Thi\u1ebft k\u1ebf l\u01b0ng thun t\u0103ng c\u01b0\u1eddng \u0111\u1ed9 co gi\u00e3n, gi\u00fap b\u1ea1n tho\u1ea3i m\u00e1i v\u1eadn \u0111\u1ed9ng, \u1ed1ng \u0111\u1ee9ng t\u00f4n d\u00e1ng ch\u00e2n, t\u1ea1o c\u1ea3m gi\u00e1c thon g\u1ecdn.<br \/>\n5. Ph\u00f9 h\u1ee3p v\u1edbi ai: Nam gi\u1edbi v\u0103n ph\u00f2ng mu\u1ed1n t\u00ecm ki\u1ebfm s\u1ef1 tho\u1ea3i m\u00e1i v\u00e0 thanh l\u1ecbch trong m\u00f4i tr\u01b0\u1eddng l\u00e0m vi\u1ec7c, sinh vi\u00ean v\u00e0 h\u1ecdc sinh th\u00edch phong c\u00e1ch tr\u1ebb trung, n\u0103ng \u0111\u1ed9ng. Nh\u1eefng ng\u01b0\u1eddi y\u00eau th\u00edch th\u1eddi trang mu\u1ed1n s\u1edf h\u1eefu m\u1ed9t chi\u1ebfc qu\u1ea7n v\u1eeba th\u1eddi trang v\u1eeba ti\u1ec7n d\u1ee5ng.<br \/>\n6. Thu\u1ed9c B\u1ed9 S\u01b0u T\u1eadp n\u00e0o: No Style, th\u1eddi trang \u0111a phong c\u00e1ch, kh\u00f4ng gi\u1edbi h\u1ea1n, ph\u00f9 h\u1ee3p v\u1edbi nhi\u1ec1u \u0111\u1ed1i t\u01b0\u1ee3ng kh\u00e1ch h\u00e0ng.<br \/>\n7. C\u00e1c t\u00ean th\u01b0\u1eddng g\u1ecdi ho\u1eb7c t\u00ecm ki\u1ebfm: Qu\u1ea7n t\u00e2y nam l\u01b0ng thun, Qu\u1ea7n t\u00e2y nam c\u00f4ng s\u1edf, Qu\u1ea7n t\u00e2y nam th\u1eddi trang, Qu\u1ea7n t\u00e2y co gi\u00e3n, Qu\u1ea7n t\u00e2y casual<\/span><\/p>\n<\/div>\n<\/div>\n<\/div>\n<\/div>\n<\/div>\n<\/div>\n<\/div>\n<\/div>\n<\/div>\n<\/div>\n<\/div>\n<\/div>\n<\/div>\n<\/div>\n<\/div>\n<\/div>\n<\/div>\n<\/div>\n<\/div>\n<\/div>\n<\/div>\n<\/div>\n<\/div>\n<\/div>\n<\/div>\n<\/div>\n<p>Xu\u1ea5t x\u1ee9: Vi\u1ec7t Nam<\/p>\n","protected":false},"excerpt":{"rendered":"<p>Qu\u1ea7n T\u00e2y l\u01b0ng thun m\u1ec1m m\u1ea1i, tho\u00e1ng m\u00e1t, \u0111\u1ed9 b\u1ec1n cao, \u00edt nh\u0103n, kh\u00e1ng khu\u1ea9n.<\/p>\n","protected":false},"featured_media":132,"comment_status":"open","ping_status":"closed","template":"","meta":[],"product_brand":[],"product_cat":[17,36,41],"product_tag":[],"class_list":{"0":"post-131","1":"product","2":"type-product","3":"status-publish","4":"has-post-thumbnail","6":"product_cat-quan","7":"product_cat-quan-dai","8":"product_cat-quan-tay","10":"first","11":"instock","12":"sale","13":"virtual","14":"purchasable","15":"product-type-simple"},"yoast_head":"<!-- This site is optimized with the Yoast SEO plugin v27.1.1 - https:\/\/yoast.com\/product\/yoast-seo-wordpress\/ -->\n<title>Qu\u1ea7n T\u00e2y Casual M\u1ec1m M\u1ea1i Non Iron 001 X\u00e1m Nh\u1ea1t - HoaiPhong Store<\/title>\n<meta name=\"robots\" content=\"index, follow, max-snippet:-1, max-image-preview:large, max-video-preview:-1\" \/>\n<link rel=\"canonical\" href=\"https:\/\/hoaiphong.top\/?product=quan-tay-casual-mem-mai-non-iron-001-xam-nhat\" \/>\n<meta property=\"og:locale\" content=\"vi_VN\" \/>\n<meta property=\"og:type\" content=\"article\" \/>\n<meta property=\"og:title\" content=\"Qu\u1ea7n T\u00e2y Casual M\u1ec1m M\u1ea1i Non Iron 001 X\u00e1m Nh\u1ea1t - HoaiPhong Store\" \/>\n<meta property=\"og:description\" content=\"Qu\u1ea7n T\u00e2y l\u01b0ng thun m\u1ec1m m\u1ea1i, tho\u00e1ng m\u00e1t, \u0111\u1ed9 b\u1ec1n cao, \u00edt nh\u0103n, kh\u00e1ng khu\u1ea9n.\" \/>\n<meta property=\"og:url\" content=\"https:\/\/hoaiphong.top\/?product=quan-tay-casual-mem-mai-non-iron-001-xam-nhat\" \/>\n<meta property=\"og:site_name\" content=\"HoaiPhong Store\" \/>\n<meta property=\"article:modified_time\" content=\"2025-11-19T05:59:57+00:00\" \/>\n<meta property=\"og:image\" content=\"https:\/\/hoaiphong.top\/wp-content\/uploads\/2025\/11\/qu-n-tay-no-style-m116-xam-tr-ng-1174881502.webp\" \/>\n\t<meta property=\"og:image:width\" content=\"360\" \/>\n\t<meta property=\"og:image:height\" content=\"504\" \/>\n\t<meta property=\"og:image:type\" content=\"image\/webp\" \/>\n<meta name=\"twitter:card\" content=\"summary_large_image\" \/>\n<meta name=\"twitter:label1\" content=\"\u01af\u1edbc t\u00ednh th\u1eddi gian \u0111\u1ecdc\" \/>\n\t<meta name=\"twitter:data1\" content=\"2 ph\u00fat\" \/>\n<script type=\"application\/ld+json\" class=\"yoast-schema-graph\">{\"@context\":\"https:\/\/schema.org\",\"@graph\":[{\"@type\":\"WebPage\",\"@id\":\"https:\/\/hoaiphong.top\/?product=quan-tay-casual-mem-mai-non-iron-001-xam-nhat\",\"url\":\"https:\/\/hoaiphong.top\/?product=quan-tay-casual-mem-mai-non-iron-001-xam-nhat\",\"name\":\"Qu\u1ea7n T\u00e2y Casual M\u1ec1m M\u1ea1i Non Iron 001 X\u00e1m Nh\u1ea1t - HoaiPhong Store\",\"isPartOf\":{\"@id\":\"https:\/\/hoaiphong.top\/#website\"},\"primaryImageOfPage\":{\"@id\":\"https:\/\/hoaiphong.top\/?product=quan-tay-casual-mem-mai-non-iron-001-xam-nhat#primaryimage\"},\"image\":{\"@id\":\"https:\/\/hoaiphong.top\/?product=quan-tay-casual-mem-mai-non-iron-001-xam-nhat#primaryimage\"},\"thumbnailUrl\":\"https:\/\/hoaiphong.top\/wp-content\/uploads\/2025\/11\/qu-n-tay-no-style-m116-xam-tr-ng-1174881502.webp\",\"datePublished\":\"2025-11-19T05:59:56+00:00\",\"dateModified\":\"2025-11-19T05:59:57+00:00\",\"breadcrumb\":{\"@id\":\"https:\/\/hoaiphong.top\/?product=quan-tay-casual-mem-mai-non-iron-001-xam-nhat#breadcrumb\"},\"inLanguage\":\"vi\",\"potentialAction\":[{\"@type\":\"ReadAction\",\"target\":[\"https:\/\/hoaiphong.top\/?product=quan-tay-casual-mem-mai-non-iron-001-xam-nhat\"]}]},{\"@type\":\"ImageObject\",\"inLanguage\":\"vi\",\"@id\":\"https:\/\/hoaiphong.top\/?product=quan-tay-casual-mem-mai-non-iron-001-xam-nhat#primaryimage\",\"url\":\"https:\/\/hoaiphong.top\/wp-content\/uploads\/2025\/11\/qu-n-tay-no-style-m116-xam-tr-ng-1174881502.webp\",\"contentUrl\":\"https:\/\/hoaiphong.top\/wp-content\/uploads\/2025\/11\/qu-n-tay-no-style-m116-xam-tr-ng-1174881502.webp\",\"width\":360,\"height\":504},{\"@type\":\"BreadcrumbList\",\"@id\":\"https:\/\/hoaiphong.top\/?product=quan-tay-casual-mem-mai-non-iron-001-xam-nhat#breadcrumb\",\"itemListElement\":[{\"@type\":\"ListItem\",\"position\":1,\"name\":\"Trang ch\u1ee7\",\"item\":\"https:\/\/hoaiphong.top\/\"},{\"@type\":\"ListItem\",\"position\":2,\"name\":\"C\u1eeda h\u00e0ng\",\"item\":\"https:\/\/hoaiphong.top\/?page_id=8\"},{\"@type\":\"ListItem\",\"position\":3,\"name\":\"Qu\u1ea7n T\u00e2y Casual M\u1ec1m M\u1ea1i Non Iron 001 X\u00e1m Nh\u1ea1t\"}]},{\"@type\":\"WebSite\",\"@id\":\"https:\/\/hoaiphong.top\/#website\",\"url\":\"https:\/\/hoaiphong.top\/\",\"name\":\"HoaiPhong Store\",\"description\":\"Qu\u1ea7n \u00c1o D\u00e0nh Cho B\u1ea1n \",\"potentialAction\":[{\"@type\":\"SearchAction\",\"target\":{\"@type\":\"EntryPoint\",\"urlTemplate\":\"https:\/\/hoaiphong.top\/?s={search_term_string}\"},\"query-input\":{\"@type\":\"PropertyValueSpecification\",\"valueRequired\":true,\"valueName\":\"search_term_string\"}}],\"inLanguage\":\"vi\"}]}<\/script>\n<!-- \/ Yoast SEO plugin. -->","yoast_head_json":{"title":"Qu\u1ea7n T\u00e2y Casual M\u1ec1m M\u1ea1i Non Iron 001 X\u00e1m Nh\u1ea1t - HoaiPhong Store","robots":{"index":"index","follow":"follow","max-snippet":"max-snippet:-1","max-image-preview":"max-image-preview:large","max-video-preview":"max-video-preview:-1"},"canonical":"https:\/\/hoaiphong.top\/?product=quan-tay-casual-mem-mai-non-iron-001-xam-nhat","og_locale":"vi_VN","og_type":"article","og_title":"Qu\u1ea7n T\u00e2y Casual M\u1ec1m M\u1ea1i Non Iron 001 X\u00e1m Nh\u1ea1t - HoaiPhong Store","og_description":"Qu\u1ea7n T\u00e2y l\u01b0ng thun m\u1ec1m m\u1ea1i, tho\u00e1ng m\u00e1t, \u0111\u1ed9 b\u1ec1n cao, \u00edt nh\u0103n, kh\u00e1ng khu\u1ea9n.","og_url":"https:\/\/hoaiphong.top\/?product=quan-tay-casual-mem-mai-non-iron-001-xam-nhat","og_site_name":"HoaiPhong Store","article_modified_time":"2025-11-19T05:59:57+00:00","og_image":[{"width":360,"height":504,"url":"https:\/\/hoaiphong.top\/wp-content\/uploads\/2025\/11\/qu-n-tay-no-style-m116-xam-tr-ng-1174881502.webp","type":"image\/webp"}],"twitter_card":"summary_large_image","twitter_misc":{"\u01af\u1edbc t\u00ednh th\u1eddi gian \u0111\u1ecdc":"2 ph\u00fat"},"schema":{"@context":"https:\/\/schema.org","@graph":[{"@type":"WebPage","@id":"https:\/\/hoaiphong.top\/?product=quan-tay-casual-mem-mai-non-iron-001-xam-nhat","url":"https:\/\/hoaiphong.top\/?product=quan-tay-casual-mem-mai-non-iron-001-xam-nhat","name":"Qu\u1ea7n T\u00e2y Casual M\u1ec1m M\u1ea1i Non Iron 001 X\u00e1m Nh\u1ea1t - HoaiPhong Store","isPartOf":{"@id":"https:\/\/hoaiphong.top\/#website"},"primaryImageOfPage":{"@id":"https:\/\/hoaiphong.top\/?product=quan-tay-casual-mem-mai-non-iron-001-xam-nhat#primaryimage"},"image":{"@id":"https:\/\/hoaiphong.top\/?product=quan-tay-casual-mem-mai-non-iron-001-xam-nhat#primaryimage"},"thumbnailUrl":"https:\/\/hoaiphong.top\/wp-content\/uploads\/2025\/11\/qu-n-tay-no-style-m116-xam-tr-ng-1174881502.webp","datePublished":"2025-11-19T05:59:56+00:00","dateModified":"2025-11-19T05:59:57+00:00","breadcrumb":{"@id":"https:\/\/hoaiphong.top\/?product=quan-tay-casual-mem-mai-non-iron-001-xam-nhat#breadcrumb"},"inLanguage":"vi","potentialAction":[{"@type":"ReadAction","target":["https:\/\/hoaiphong.top\/?product=quan-tay-casual-mem-mai-non-iron-001-xam-nhat"]}]},{"@type":"ImageObject","inLanguage":"vi","@id":"https:\/\/hoaiphong.top\/?product=quan-tay-casual-mem-mai-non-iron-001-xam-nhat#primaryimage","url":"https:\/\/hoaiphong.top\/wp-content\/uploads\/2025\/11\/qu-n-tay-no-style-m116-xam-tr-ng-1174881502.webp","contentUrl":"https:\/\/hoaiphong.top\/wp-content\/uploads\/2025\/11\/qu-n-tay-no-style-m116-xam-tr-ng-1174881502.webp","width":360,"height":504},{"@type":"BreadcrumbList","@id":"https:\/\/hoaiphong.top\/?product=quan-tay-casual-mem-mai-non-iron-001-xam-nhat#breadcrumb","itemListElement":[{"@type":"ListItem","position":1,"name":"Trang ch\u1ee7","item":"https:\/\/hoaiphong.top\/"},{"@type":"ListItem","position":2,"name":"C\u1eeda h\u00e0ng","item":"https:\/\/hoaiphong.top\/?page_id=8"},{"@type":"ListItem","position":3,"name":"Qu\u1ea7n T\u00e2y Casual M\u1ec1m M\u1ea1i Non Iron 001 X\u00e1m Nh\u1ea1t"}]},{"@type":"WebSite","@id":"https:\/\/hoaiphong.top\/#website","url":"https:\/\/hoaiphong.top\/","name":"HoaiPhong Store","description":"Qu\u1ea7n \u00c1o D\u00e0nh Cho B\u1ea1n ","potentialAction":[{"@type":"SearchAction","target":{"@type":"EntryPoint","urlTemplate":"https:\/\/hoaiphong.top\/?s={search_term_string}"},"query-input":{"@type":"PropertyValueSpecification","valueRequired":true,"valueName":"search_term_string"}}],"inLanguage":"vi"}]}},"_links":{"self":[{"href":"https:\/\/hoaiphong.top\/index.php?rest_route=\/wp\/v2\/product\/131","targetHints":{"allow":["GET"]}}],"collection":[{"href":"https:\/\/hoaiphong.top\/index.php?rest_route=\/wp\/v2\/product"}],"about":[{"href":"https:\/\/hoaiphong.top\/index.php?rest_route=\/wp\/v2\/types\/product"}],"replies":[{"embeddable":true,"href":"https:\/\/hoaiphong.top\/index.php?rest_route=%2Fwp%2Fv2%2Fcomments&post=131"}],"wp:featuredmedia":[{"embeddable":true,"href":"https:\/\/hoaiphong.top\/index.php?rest_route=\/wp\/v2\/media\/132"}],"wp:attachment":[{"href":"https:\/\/hoaiphong.top\/index.php?rest_route=%2Fwp%2Fv2%2Fmedia&parent=131"}],"wp:term":[{"taxonomy":"product_brand","embeddable":true,"href":"https:\/\/hoaiphong.top\/index.php?rest_route=%2Fwp%2Fv2%2Fproduct_brand&post=131"},{"taxonomy":"product_cat","embeddable":true,"href":"https:\/\/hoaiphong.top\/index.php?rest_route=%2Fwp%2Fv2%2Fproduct_cat&post=131"},{"taxonomy":"product_tag","embeddable":true,"href":"https:\/\/hoaiphong.top\/index.php?rest_route=%2Fwp%2Fv2%2Fproduct_tag&post=131"}],"curies":[{"name":"wp","href":"https:\/\/api.w.org\/{rel}","templated":true}]}}