{"id":9,"date":"2025-11-17T14:56:38","date_gmt":"2025-11-17T07:56:38","guid":{"rendered":"https:\/\/hoaiphong.top\/?page_id=9"},"modified":"2025-11-20T21:19:08","modified_gmt":"2025-11-20T14:19:08","slug":"gio-hang","status":"publish","type":"page","link":"https:\/\/hoaiphong.top\/?page_id=9","title":{"rendered":"GI\u1ece H\u00c0NG"},"content":{"rendered":"\n<div data-block-name=\"woocommerce\/cart\" class=\"wp-block-woocommerce-cart alignwide is-loading\">\n<div data-block-name=\"woocommerce\/filled-cart-block\" class=\"wp-block-woocommerce-filled-cart-block\">\n<div data-block-name=\"woocommerce\/cart-items-block\" class=\"wp-block-woocommerce-cart-items-block\">\n<div data-block-name=\"woocommerce\/cart-line-items-block\" class=\"wp-block-woocommerce-cart-line-items-block\"><\/div>\n\n\n<\/div>\n\n\n\n\n<div data-block-name=\"woocommerce\/cart-totals-block\" class=\"wp-block-woocommerce-cart-totals-block\">\n<div data-block-name=\"woocommerce\/cart-order-summary-block\" class=\"wp-block-woocommerce-cart-order-summary-block\">\n<div data-block-name=\"woocommerce\/cart-order-summary-heading-block\" class=\"wp-block-woocommerce-cart-order-summary-heading-block\"><\/div><div data-block-name=\"woocommerce\/cart-order-summary-coupon-form-block\" class=\"wp-block-woocommerce-cart-order-summary-coupon-form-block\"><\/div><div data-block-name=\"woocommerce\/cart-order-summary-totals-block\" class=\"wp-block-woocommerce-cart-order-summary-totals-block\">\n<div data-block-name=\"woocommerce\/cart-order-summary-subtotal-block\" class=\"wp-block-woocommerce-cart-order-summary-subtotal-block\"><\/div>\n<div data-block-name=\"woocommerce\/cart-order-summary-discount-block\" class=\"wp-block-woocommerce-cart-order-summary-discount-block\"><\/div>\n<div data-block-name=\"woocommerce\/cart-order-summary-fee-block\" class=\"wp-block-woocommerce-cart-order-summary-fee-block\"><\/div>\n<div data-block-name=\"woocommerce\/cart-order-summary-shipping-block\" class=\"wp-block-woocommerce-cart-order-summary-shipping-block\"><\/div>\n<div data-block-name=\"woocommerce\/cart-order-summary-taxes-block\" class=\"wp-block-woocommerce-cart-order-summary-taxes-block\"><\/div><\/div>\n<\/div>\n\n\n\n<div data-block-name=\"woocommerce\/cart-express-payment-block\" class=\"wp-block-woocommerce-cart-express-payment-block\"><\/div>\n\n\n\n<div data-block-name=\"woocommerce\/proceed-to-checkout-block\" class=\"wp-block-woocommerce-proceed-to-checkout-block\"><\/div>\n\n\n\n<div data-block-name=\"woocommerce\/cart-accepted-payment-methods-block\" class=\"wp-block-woocommerce-cart-accepted-payment-methods-block\"><\/div>\n<\/div>\n<\/div>\n\n\n\n<div data-block-name=\"woocommerce\/empty-cart-block\" class=\"wp-block-woocommerce-empty-cart-block\">\n<h2 class=\"wp-block-heading has-text-align-center with-empty-cart-icon wc-block-cart__empty-cart__title\">Gi\u1ecf h\u00e0ng hi\u1ec7n t\u1ea1i ch\u01b0a c\u00f3 s\u1ea3n ph\u1ea9m n\u00e0o!<\/h2>\n\n\n\n<hr class=\"wp-block-separator has-alpha-channel-opacity is-style-dots\"\/>\n\n\n\n<h2 class=\"wp-block-heading has-text-align-center\">M\u1edbi trong c\u1eeda h\u00e0ng<\/h2>\n\n\n<div data-block-name=\"woocommerce\/product-new\" data-columns=\"4\" data-rows=\"1\" class=\"wc-block-grid wp-block-product-new wp-block-woocommerce-product-new wc-block-product-new has-4-columns\"><ul class=\"wc-block-grid__products\"><li class=\"wc-block-grid__product\">\n\t\t\t\t<a href=\"https:\/\/hoaiphong.top\/?product=quan-tay-casual-mem-mai-non-iron-001-nau\" class=\"wc-block-grid__product-link\">\n\t\t\t\t\t<div class=\"wc-block-grid__product-onsale\">\n\t\t\t<span aria-hidden=\"true\">Khuy\u1ebfn m\u1ea1i<\/span>\n\t\t\t<span class=\"screen-reader-text\">S\u1ea3n ph\u1ea9m \u0111ang gi\u1ea3m gi\u00e1<\/span>\n\t\t<\/div>\n\t\t\t\t\t<div class=\"wc-block-grid__product-image\"><img fetchpriority=\"high\" decoding=\"async\" width=\"324\" height=\"324\" src=\"https:\/\/hoaiphong.top\/wp-content\/uploads\/2025\/11\/qu-n-tay-no-style-m116-nau-1174881484-324x324.webp\" class=\"attachment-woocommerce_thumbnail size-woocommerce_thumbnail\" alt=\"Qu\u1ea7n T\u00e2y Casual M\u1ec1m M\u1ea1i Non Iron 001 N\u00e2u\" srcset=\"https:\/\/hoaiphong.top\/wp-content\/uploads\/2025\/11\/qu-n-tay-no-style-m116-nau-1174881484-324x324.webp 324w, https:\/\/hoaiphong.top\/wp-content\/uploads\/2025\/11\/qu-n-tay-no-style-m116-nau-1174881484-100x100.webp 100w, https:\/\/hoaiphong.top\/wp-content\/uploads\/2025\/11\/qu-n-tay-no-style-m116-nau-1174881484-150x150.webp 150w\" sizes=\"(max-width: 324px) 100vw, 324px\" \/><\/div>\n\t\t\t\t\t<div class=\"wc-block-grid__product-title\">Qu\u1ea7n T\u00e2y Casual M\u1ec1m M\u1ea1i Non Iron 001 N\u00e2u<\/div>\n\t\t\t\t<\/a>\n\t\t\t\t<div class=\"wc-block-grid__product-price price\"><del aria-hidden=\"true\"><span class=\"woocommerce-Price-amount amount\">397.000&nbsp;<span class=\"woocommerce-Price-currencySymbol\">&#8363;<\/span><\/span><\/del> <span class=\"screen-reader-text\">Gi\u00e1 g\u1ed1c l\u00e0: 397.000&nbsp;&#8363;.<\/span><ins aria-hidden=\"true\"><span class=\"woocommerce-Price-amount amount\">377.150&nbsp;<span class=\"woocommerce-Price-currencySymbol\">&#8363;<\/span><\/span><\/ins><span class=\"screen-reader-text\">Gi\u00e1 hi\u1ec7n t\u1ea1i l\u00e0: 377.150&nbsp;&#8363;.<\/span><\/div>\n\t\t\t\t\n\t\t\t\t<div class=\"wp-block-button wc-block-grid__product-add-to-cart\"><a href=\"\/index.php?rest_route=%2Fwp%2Fv2%2Fpages%2F9&#038;add-to-cart=134\" aria-label=\"Th\u00eam v\u00e0o gi\u1ecf h\u00e0ng: &ldquo;Qu\u1ea7n T\u00e2y Casual M\u1ec1m M\u1ea1i Non Iron 001 N\u00e2u&rdquo;\" data-quantity=\"1\" data-product_id=\"134\" data-product_sku=\"\" data-price=\"377150\" rel=\"nofollow\" class=\"wp-block-button__link  add_to_cart_button ajax_add_to_cart\">Th\u00eam v\u00e0o gi\u1ecf h\u00e0ng<\/a><\/div>\n\t\t\t<\/li><li class=\"wc-block-grid__product\">\n\t\t\t\t<a href=\"https:\/\/hoaiphong.top\/?product=quan-tay-casual-co-gian-it-nhan-non-branded-030-be\" class=\"wc-block-grid__product-link\">\n\t\t\t\t\t<div class=\"wc-block-grid__product-onsale\">\n\t\t\t<span aria-hidden=\"true\">Khuy\u1ebfn m\u1ea1i<\/span>\n\t\t\t<span class=\"screen-reader-text\">S\u1ea3n ph\u1ea9m \u0111ang gi\u1ea3m gi\u00e1<\/span>\n\t\t<\/div>\n\t\t\t\t\t<div class=\"wc-block-grid__product-image\"><img decoding=\"async\" width=\"324\" height=\"324\" src=\"https:\/\/hoaiphong.top\/wp-content\/uploads\/2025\/11\/qu-n-dai-non-branded-32-kem-1174882786-324x324.webp\" class=\"attachment-woocommerce_thumbnail size-woocommerce_thumbnail\" alt=\"Qu\u1ea7n T\u00e2y Casual Co Gi\u00e3n \u00cdt Nh\u0103n Non-Branded 030 Be\" srcset=\"https:\/\/hoaiphong.top\/wp-content\/uploads\/2025\/11\/qu-n-dai-non-branded-32-kem-1174882786-324x324.webp 324w, https:\/\/hoaiphong.top\/wp-content\/uploads\/2025\/11\/qu-n-dai-non-branded-32-kem-1174882786-100x100.webp 100w, https:\/\/hoaiphong.top\/wp-content\/uploads\/2025\/11\/qu-n-dai-non-branded-32-kem-1174882786-150x150.webp 150w\" sizes=\"(max-width: 324px) 100vw, 324px\" \/><\/div>\n\t\t\t\t\t<div class=\"wc-block-grid__product-title\">Qu\u1ea7n T\u00e2y Casual Co Gi\u00e3n \u00cdt Nh\u0103n Non-Branded 030 Be<\/div>\n\t\t\t\t<\/a>\n\t\t\t\t<div class=\"wc-block-grid__product-price price\"><del aria-hidden=\"true\"><span class=\"woocommerce-Price-amount amount\">397.000&nbsp;<span class=\"woocommerce-Price-currencySymbol\">&#8363;<\/span><\/span><\/del> <span class=\"screen-reader-text\">Gi\u00e1 g\u1ed1c l\u00e0: 397.000&nbsp;&#8363;.<\/span><ins aria-hidden=\"true\"><span class=\"woocommerce-Price-amount amount\">357.300&nbsp;<span class=\"woocommerce-Price-currencySymbol\">&#8363;<\/span><\/span><\/ins><span class=\"screen-reader-text\">Gi\u00e1 hi\u1ec7n t\u1ea1i l\u00e0: 357.300&nbsp;&#8363;.<\/span><\/div>\n\t\t\t\t\n\t\t\t\t<div class=\"wp-block-button wc-block-grid__product-add-to-cart\"><a href=\"\/index.php?rest_route=%2Fwp%2Fv2%2Fpages%2F9&#038;add-to-cart=133\" aria-label=\"Th\u00eam v\u00e0o gi\u1ecf h\u00e0ng: &ldquo;Qu\u1ea7n T\u00e2y Casual Co Gi\u00e3n \u00cdt Nh\u0103n Non-Branded 030 Be&rdquo;\" data-quantity=\"1\" data-product_id=\"133\" data-product_sku=\"\" data-price=\"357300\" rel=\"nofollow\" class=\"wp-block-button__link  add_to_cart_button ajax_add_to_cart\">Th\u00eam v\u00e0o gi\u1ecf h\u00e0ng<\/a><\/div>\n\t\t\t<\/li><li class=\"wc-block-grid__product\">\n\t\t\t\t<a href=\"https:\/\/hoaiphong.top\/?product=quan-tay-casual-mem-mai-non-iron-001-xam-nhat\" class=\"wc-block-grid__product-link\">\n\t\t\t\t\t<div class=\"wc-block-grid__product-onsale\">\n\t\t\t<span aria-hidden=\"true\">Khuy\u1ebfn m\u1ea1i<\/span>\n\t\t\t<span class=\"screen-reader-text\">S\u1ea3n ph\u1ea9m \u0111ang gi\u1ea3m gi\u00e1<\/span>\n\t\t<\/div>\n\t\t\t\t\t<div class=\"wc-block-grid__product-image\"><img decoding=\"async\" width=\"324\" height=\"324\" src=\"https:\/\/hoaiphong.top\/wp-content\/uploads\/2025\/11\/qu-n-tay-no-style-m116-xam-tr-ng-1174881502-324x324.webp\" class=\"attachment-woocommerce_thumbnail size-woocommerce_thumbnail\" alt=\"Qu\u1ea7n T\u00e2y Casual M\u1ec1m M\u1ea1i Non Iron 001 X\u00e1m Nh\u1ea1t\" srcset=\"https:\/\/hoaiphong.top\/wp-content\/uploads\/2025\/11\/qu-n-tay-no-style-m116-xam-tr-ng-1174881502-324x324.webp 324w, https:\/\/hoaiphong.top\/wp-content\/uploads\/2025\/11\/qu-n-tay-no-style-m116-xam-tr-ng-1174881502-100x100.webp 100w, https:\/\/hoaiphong.top\/wp-content\/uploads\/2025\/11\/qu-n-tay-no-style-m116-xam-tr-ng-1174881502-150x150.webp 150w\" sizes=\"(max-width: 324px) 100vw, 324px\" \/><\/div>\n\t\t\t\t\t<div class=\"wc-block-grid__product-title\">Qu\u1ea7n T\u00e2y Casual M\u1ec1m M\u1ea1i Non Iron 001 X\u00e1m Nh\u1ea1t<\/div>\n\t\t\t\t<\/a>\n\t\t\t\t<div class=\"wc-block-grid__product-price price\"><del aria-hidden=\"true\"><span class=\"woocommerce-Price-amount amount\">397.000&nbsp;<span class=\"woocommerce-Price-currencySymbol\">&#8363;<\/span><\/span><\/del> <span class=\"screen-reader-text\">Gi\u00e1 g\u1ed1c l\u00e0: 397.000&nbsp;&#8363;.<\/span><ins aria-hidden=\"true\"><span class=\"woocommerce-Price-amount amount\">377.150&nbsp;<span class=\"woocommerce-Price-currencySymbol\">&#8363;<\/span><\/span><\/ins><span class=\"screen-reader-text\">Gi\u00e1 hi\u1ec7n t\u1ea1i l\u00e0: 377.150&nbsp;&#8363;.<\/span><\/div>\n\t\t\t\t\n\t\t\t\t<div class=\"wp-block-button wc-block-grid__product-add-to-cart\"><a href=\"\/index.php?rest_route=%2Fwp%2Fv2%2Fpages%2F9&#038;add-to-cart=131\" aria-label=\"Th\u00eam v\u00e0o gi\u1ecf h\u00e0ng: &ldquo;Qu\u1ea7n T\u00e2y Casual M\u1ec1m M\u1ea1i Non Iron 001 X\u00e1m Nh\u1ea1t&rdquo;\" data-quantity=\"1\" data-product_id=\"131\" data-product_sku=\"\" data-price=\"377150\" rel=\"nofollow\" class=\"wp-block-button__link  add_to_cart_button ajax_add_to_cart\">Th\u00eam v\u00e0o gi\u1ecf h\u00e0ng<\/a><\/div>\n\t\t\t<\/li><li class=\"wc-block-grid__product\">\n\t\t\t\t<a href=\"https:\/\/hoaiphong.top\/?product=quan-kaki-chinos-co-gian-non-branded-032-be\" class=\"wc-block-grid__product-link\">\n\t\t\t\t\t<div class=\"wc-block-grid__product-onsale\">\n\t\t\t<span aria-hidden=\"true\">Khuy\u1ebfn m\u1ea1i<\/span>\n\t\t\t<span class=\"screen-reader-text\">S\u1ea3n ph\u1ea9m \u0111ang gi\u1ea3m gi\u00e1<\/span>\n\t\t<\/div>\n\t\t\t\t\t<div class=\"wc-block-grid__product-image\"><img loading=\"lazy\" decoding=\"async\" width=\"324\" height=\"324\" src=\"https:\/\/hoaiphong.top\/wp-content\/uploads\/2025\/11\/qu-n-dai-non-branded-32-kem-1174882786-324x324.webp\" class=\"attachment-woocommerce_thumbnail size-woocommerce_thumbnail\" alt=\"Qu\u1ea7n Kaki Chinos Co Gi\u00e3n Non Branded 032 Be\" srcset=\"https:\/\/hoaiphong.top\/wp-content\/uploads\/2025\/11\/qu-n-dai-non-branded-32-kem-1174882786-324x324.webp 324w, https:\/\/hoaiphong.top\/wp-content\/uploads\/2025\/11\/qu-n-dai-non-branded-32-kem-1174882786-100x100.webp 100w, https:\/\/hoaiphong.top\/wp-content\/uploads\/2025\/11\/qu-n-dai-non-branded-32-kem-1174882786-150x150.webp 150w\" sizes=\"(max-width: 324px) 100vw, 324px\" \/><\/div>\n\t\t\t\t\t<div class=\"wc-block-grid__product-title\">Qu\u1ea7n Kaki Chinos Co Gi\u00e3n Non Branded 032 Be<\/div>\n\t\t\t\t<\/a>\n\t\t\t\t<div class=\"wc-block-grid__product-price price\"><del aria-hidden=\"true\"><span class=\"woocommerce-Price-amount amount\">397.000&nbsp;<span class=\"woocommerce-Price-currencySymbol\">&#8363;<\/span><\/span><\/del> <span class=\"screen-reader-text\">Gi\u00e1 g\u1ed1c l\u00e0: 397.000&nbsp;&#8363;.<\/span><ins aria-hidden=\"true\"><span class=\"woocommerce-Price-amount amount\">377.150&nbsp;<span class=\"woocommerce-Price-currencySymbol\">&#8363;<\/span><\/span><\/ins><span class=\"screen-reader-text\">Gi\u00e1 hi\u1ec7n t\u1ea1i l\u00e0: 377.150&nbsp;&#8363;.<\/span><\/div>\n\t\t\t\t\n\t\t\t\t<div class=\"wp-block-button wc-block-grid__product-add-to-cart\"><a href=\"\/index.php?rest_route=%2Fwp%2Fv2%2Fpages%2F9&#038;add-to-cart=129\" aria-label=\"Th\u00eam v\u00e0o gi\u1ecf h\u00e0ng: &ldquo;Qu\u1ea7n Kaki Chinos Co Gi\u00e3n Non Branded 032 Be&rdquo;\" data-quantity=\"1\" data-product_id=\"129\" data-product_sku=\"\" data-price=\"377150\" rel=\"nofollow\" class=\"wp-block-button__link  add_to_cart_button ajax_add_to_cart\">Th\u00eam v\u00e0o gi\u1ecf h\u00e0ng<\/a><\/div>\n\t\t\t<\/li><\/ul><\/div><\/div>\n<\/div>\n","protected":false},"excerpt":{"rendered":"","protected":false},"author":1,"featured_media":0,"parent":0,"menu_order":0,"comment_status":"closed","ping_status":"closed","template":"","meta":{"footnotes":""},"class_list":["post-9","page","type-page","status-publish","hentry"],"yoast_head":"<!-- This site is optimized with the Yoast SEO plugin v27.1.1 - https:\/\/yoast.com\/product\/yoast-seo-wordpress\/ -->\n<title>GI\u1ece H\u00c0NG - HoaiPhong Store<\/title>\n<meta name=\"robots\" content=\"index, follow, max-snippet:-1, max-image-preview:large, max-video-preview:-1\" \/>\n<link rel=\"canonical\" href=\"https:\/\/hoaiphong.top\/?page_id=9\" \/>\n<meta property=\"og:locale\" content=\"vi_VN\" \/>\n<meta property=\"og:type\" content=\"article\" \/>\n<meta property=\"og:title\" content=\"GI\u1ece H\u00c0NG - HoaiPhong Store\" \/>\n<meta property=\"og:url\" content=\"https:\/\/hoaiphong.top\/?page_id=9\" \/>\n<meta property=\"og:site_name\" content=\"HoaiPhong Store\" \/>\n<meta property=\"article:modified_time\" content=\"2025-11-20T14:19:08+00:00\" \/>\n<meta name=\"twitter:card\" content=\"summary_large_image\" \/>\n<script type=\"application\/ld+json\" class=\"yoast-schema-graph\">{\"@context\":\"https:\/\/schema.org\",\"@graph\":[{\"@type\":\"WebPage\",\"@id\":\"https:\/\/hoaiphong.top\/?page_id=9\",\"url\":\"https:\/\/hoaiphong.top\/?page_id=9\",\"name\":\"GI\u1ece H\u00c0NG - HoaiPhong Store\",\"isPartOf\":{\"@id\":\"https:\/\/hoaiphong.top\/#website\"},\"datePublished\":\"2025-11-17T07:56:38+00:00\",\"dateModified\":\"2025-11-20T14:19:08+00:00\",\"breadcrumb\":{\"@id\":\"https:\/\/hoaiphong.top\/?page_id=9#breadcrumb\"},\"inLanguage\":\"vi\",\"potentialAction\":[{\"@type\":\"ReadAction\",\"target\":[\"https:\/\/hoaiphong.top\/?page_id=9\"]}]},{\"@type\":\"BreadcrumbList\",\"@id\":\"https:\/\/hoaiphong.top\/?page_id=9#breadcrumb\",\"itemListElement\":[{\"@type\":\"ListItem\",\"position\":1,\"name\":\"Trang ch\u1ee7\",\"item\":\"https:\/\/hoaiphong.top\/\"},{\"@type\":\"ListItem\",\"position\":2,\"name\":\"GI\u1ece H\u00c0NG\"}]},{\"@type\":\"WebSite\",\"@id\":\"https:\/\/hoaiphong.top\/#website\",\"url\":\"https:\/\/hoaiphong.top\/\",\"name\":\"HoaiPhong Store\",\"description\":\"Qu\u1ea7n \u00c1o D\u00e0nh Cho B\u1ea1n \",\"potentialAction\":[{\"@type\":\"SearchAction\",\"target\":{\"@type\":\"EntryPoint\",\"urlTemplate\":\"https:\/\/hoaiphong.top\/?s={search_term_string}\"},\"query-input\":{\"@type\":\"PropertyValueSpecification\",\"valueRequired\":true,\"valueName\":\"search_term_string\"}}],\"inLanguage\":\"vi\"}]}<\/script>\n<!-- \/ Yoast SEO plugin. -->","yoast_head_json":{"title":"GI\u1ece H\u00c0NG - HoaiPhong Store","robots":{"index":"index","follow":"follow","max-snippet":"max-snippet:-1","max-image-preview":"max-image-preview:large","max-video-preview":"max-video-preview:-1"},"canonical":"https:\/\/hoaiphong.top\/?page_id=9","og_locale":"vi_VN","og_type":"article","og_title":"GI\u1ece H\u00c0NG - HoaiPhong Store","og_url":"https:\/\/hoaiphong.top\/?page_id=9","og_site_name":"HoaiPhong Store","article_modified_time":"2025-11-20T14:19:08+00:00","twitter_card":"summary_large_image","schema":{"@context":"https:\/\/schema.org","@graph":[{"@type":"WebPage","@id":"https:\/\/hoaiphong.top\/?page_id=9","url":"https:\/\/hoaiphong.top\/?page_id=9","name":"GI\u1ece H\u00c0NG - HoaiPhong Store","isPartOf":{"@id":"https:\/\/hoaiphong.top\/#website"},"datePublished":"2025-11-17T07:56:38+00:00","dateModified":"2025-11-20T14:19:08+00:00","breadcrumb":{"@id":"https:\/\/hoaiphong.top\/?page_id=9#breadcrumb"},"inLanguage":"vi","potentialAction":[{"@type":"ReadAction","target":["https:\/\/hoaiphong.top\/?page_id=9"]}]},{"@type":"BreadcrumbList","@id":"https:\/\/hoaiphong.top\/?page_id=9#breadcrumb","itemListElement":[{"@type":"ListItem","position":1,"name":"Trang ch\u1ee7","item":"https:\/\/hoaiphong.top\/"},{"@type":"ListItem","position":2,"name":"GI\u1ece H\u00c0NG"}]},{"@type":"WebSite","@id":"https:\/\/hoaiphong.top\/#website","url":"https:\/\/hoaiphong.top\/","name":"HoaiPhong Store","description":"Qu\u1ea7n \u00c1o D\u00e0nh Cho B\u1ea1n ","potentialAction":[{"@type":"SearchAction","target":{"@type":"EntryPoint","urlTemplate":"https:\/\/hoaiphong.top\/?s={search_term_string}"},"query-input":{"@type":"PropertyValueSpecification","valueRequired":true,"valueName":"search_term_string"}}],"inLanguage":"vi"}]}},"_links":{"self":[{"href":"https:\/\/hoaiphong.top\/index.php?rest_route=\/wp\/v2\/pages\/9","targetHints":{"allow":["GET"]}}],"collection":[{"href":"https:\/\/hoaiphong.top\/index.php?rest_route=\/wp\/v2\/pages"}],"about":[{"href":"https:\/\/hoaiphong.top\/index.php?rest_route=\/wp\/v2\/types\/page"}],"author":[{"embeddable":true,"href":"https:\/\/hoaiphong.top\/index.php?rest_route=\/wp\/v2\/users\/1"}],"replies":[{"embeddable":true,"href":"https:\/\/hoaiphong.top\/index.php?rest_route=%2Fwp%2Fv2%2Fcomments&post=9"}],"version-history":[{"count":2,"href":"https:\/\/hoaiphong.top\/index.php?rest_route=\/wp\/v2\/pages\/9\/revisions"}],"predecessor-version":[{"id":185,"href":"https:\/\/hoaiphong.top\/index.php?rest_route=\/wp\/v2\/pages\/9\/revisions\/185"}],"wp:attachment":[{"href":"https:\/\/hoaiphong.top\/index.php?rest_route=%2Fwp%2Fv2%2Fmedia&parent=9"}],"curies":[{"name":"wp","href":"https:\/\/api.w.org\/{rel}","templated":true}]}}